{"id":1089,"date":"2018-08-17T10:27:40","date_gmt":"2018-08-17T10:27:40","guid":{"rendered":"http:\/\/brynn.elated-themes.com\/?page_id=1089"},"modified":"2019-03-21T18:00:57","modified_gmt":"2019-03-21T18:00:57","slug":"about-me","status":"publish","type":"page","link":"https:\/\/erikahernandezimagen.com\/index.php\/about-me\/","title":{"rendered":"About Me"},"content":{"rendered":"<p>[vc_row][vc_column offset=&#8221;vc_col-lg-offset-0 vc_col-lg-6 vc_col-md-offset-0 vc_col-md-6 vc_col-sm-offset-0 vc_col-xs-12&#8243;]<div class=\"eltdf-elements-holder   eltdf-one-column  eltdf-responsive-mode-768 \" ><div class=\"eltdf-eh-item    \"  data-item-class=\"eltdf-eh-custom-8134\" data-1367-1600=\"0px 0px 0px 114px\" data-1025-1366=\"0px 47px 0px 190px\" data-769-1024=\"148px 15px 0px 60px\" data-681-768=\"77px 77px 0px 77px\" data-680=\"40px 40px 0px 40px\">\n    <div class=\"eltdf-eh-item-inner\">\n        <div class=\"eltdf-eh-item-content eltdf-eh-custom-8134\" style=\"padding: 0px 0px 0px 114px\">\n            <div class=\"eltdf-single-image-holder   \">\n    <div class=\"eltdf-si-inner\" >\n                                            <img loading=\"lazy\" decoding=\"async\" width=\"428\" height=\"488\" src=\"https:\/\/erikahernandezimagen.com\/wp-content\/uploads\/2019\/03\/ERIKA-INFO-01.jpg\" class=\"attachment-full size-full\" alt=\"\" srcset=\"https:\/\/erikahernandezimagen.com\/wp-content\/uploads\/2019\/03\/ERIKA-INFO-01.jpg 428w, https:\/\/erikahernandezimagen.com\/wp-content\/uploads\/2019\/03\/ERIKA-INFO-01-263x300.jpg 263w\" sizes=\"auto, (max-width: 428px) 100vw, 428px\" \/>                                    <\/div>\n<\/div>        <\/div>\n    <\/div>\n<\/div><\/div>[\/vc_column][vc_column offset=&#8221;vc_col-lg-offset-0 vc_col-lg-6 vc_col-md-offset-0 vc_col-md-6 vc_col-sm-offset-0 vc_col-xs-12&#8243;]<div class=\"eltdf-elements-holder   eltdf-one-column  eltdf-responsive-mode-768 \" ><div class=\"eltdf-eh-item    \"  data-item-class=\"eltdf-eh-custom-6135\" data-1367-1600=\"127px 140px 0px 53px\" data-1025-1366=\"40px 104px 0px 0px\" data-769-1024=\"154px 64px 0px 0px\" data-681-768=\"39px 159px 77px 77px\" data-680=\"10px 40px 40px 40px\">\n    <div class=\"eltdf-eh-item-inner\">\n        <div class=\"eltdf-eh-item-content eltdf-eh-custom-6135\" style=\"padding: 239px 345px 0px 53px\">\n            [vc_column_text]<\/p>\n<h3>Me gusta explorar y descifrar los c\u00f3digos que me ofrece cada sitio donde me desempe\u00f1o<\/h3>\n<p>[\/vc_column_text][vc_empty_space height=&#8221;13px&#8221;][vc_column_text]<\/p>\n<h6>Soy\u00a0hairstylist, makeup artist y master color.<\/h6>\n<h6>Mi recorrido por varias ciudades del pa\u00eds \u2013Guadalajara, M\u00e9xico, Oaxaca y Quer\u00e9taro\u2013, me ha permitido entender que las necesidades de mis clientes son \u00fanicas. Con m\u00e1s de quince a\u00f1os de experiencia, siempre estoy en busca de profesionalismo y vanguardia, actualiz\u00e1ndome en M\u00e9xico, Estados Unidos y Espa\u00f1a, adoptando t\u00e9cnicas de color, corte, maquillaje y peinado.<\/h6>\n<h6>D\u00e1ndome cuenta de que el mundo de la belleza es integral, tom\u00e9 una maestr\u00eda en ingeniar\u00eda en imagen p\u00fablica y un diplomado en imagen f\u00edsica, en los que adquir\u00ed conocimientos que ahora me permiten brindar una asesor\u00eda de imagen acertada, en base a tipos de morfolog\u00edas corporales y estilos propios de cada cliente.<\/h6>\n<h6>Mi lema es: \u201cel estilismo es la herramienta con la cual se puede destacar el potencial de cada persona\u201d. Para lograrlo, es importante hacer un enlace de forma fluida y honesta, creando una atm\u00f3sfera por medio del di\u00e1logo, escuchando las necesidades, gustos y preferencias de mis clientes, para lograr una recomendaci\u00f3n respaldada por<br \/>\nel conocimiento y la expertiz.<\/h6>\n<h6>Durante mi carrera ha trabajado para los estudios Silvia Galv\u00e1n Hair Studio, Prana Sal\u00f3n, Loidi Bilbao, Mercedes Fashion Week M\u00e9xico, as\u00ed como en diversas pasarelas y shuttings.<\/h6>\n<p>[\/vc_column_text][vc_empty_space height=&#8221;28px&#8221;]    <span class=\"eltdf-icon-shortcode eltdf-normal   eltdf-icon-small\" style=\"margin: 0 18px 0 0\" data-hover-color=\"#f2c0be\" data-color=\"#000000\">\n                <a itemprop=\"url\" class=\"\" href=\"http:\/\/www.facebook.com\/ErikaHernandezImagen2016\/\" target=\"_blank\">\n                <i class=\"eltdf-icon-font-awesome fab fa-facebook eltdf-icon-element\" style=\"color: #000000;font-size:14px\" ><\/i>                    <\/a>\n        <\/span>\n        <span class=\"eltdf-icon-shortcode eltdf-normal   eltdf-icon-small\" style=\"margin: 0 18px 0 0\" data-hover-color=\"#f2c0be\" data-color=\"#000000\">\n                <a itemprop=\"url\" class=\"\" href=\"http:\/\/www.instagram.com\/erikaimagen\" target=\"_blank\">\n                <i class=\"eltdf-icon-font-awesome fab fa-instagram eltdf-icon-element\" style=\"color: #000000;font-size:14px\" ><\/i>                    <\/a>\n        <\/span>\n            <\/div>\n    <\/div>\n<\/div><\/div>[\/vc_column][\/vc_row]<\/p>\n","protected":false},"excerpt":{"rendered":"<p>[vc_row][vc_column offset=&#8221;vc_col-lg-offset-0 vc_col-lg-6 vc_col-md-offset-0 vc_col-md-6 vc_col-sm-offset-0 vc_col-xs-12&#8243;][\/vc_column][vc_column offset=&#8221;vc_col-lg-offset-0 vc_col-lg-6 vc_col-md-offset-0 vc_col-md-6 vc_col-sm-offset-0 vc_col-xs-12&#8243;][\/vc_column][\/vc_row]<\/p>\n","protected":false},"author":1,"featured_media":0,"parent":0,"menu_order":0,"comment_status":"closed","ping_status":"closed","template":"full-width.php","meta":{"footnotes":""},"class_list":["post-1089","page","type-page","status-publish","hentry"],"_links":{"self":[{"href":"https:\/\/erikahernandezimagen.com\/index.php\/wp-json\/wp\/v2\/pages\/1089","targetHints":{"allow":["GET"]}}],"collection":[{"href":"https:\/\/erikahernandezimagen.com\/index.php\/wp-json\/wp\/v2\/pages"}],"about":[{"href":"https:\/\/erikahernandezimagen.com\/index.php\/wp-json\/wp\/v2\/types\/page"}],"author":[{"embeddable":true,"href":"https:\/\/erikahernandezimagen.com\/index.php\/wp-json\/wp\/v2\/users\/1"}],"replies":[{"embeddable":true,"href":"https:\/\/erikahernandezimagen.com\/index.php\/wp-json\/wp\/v2\/comments?post=1089"}],"version-history":[{"count":19,"href":"https:\/\/erikahernandezimagen.com\/index.php\/wp-json\/wp\/v2\/pages\/1089\/revisions"}],"predecessor-version":[{"id":5036,"href":"https:\/\/erikahernandezimagen.com\/index.php\/wp-json\/wp\/v2\/pages\/1089\/revisions\/5036"}],"wp:attachment":[{"href":"https:\/\/erikahernandezimagen.com\/index.php\/wp-json\/wp\/v2\/media?parent=1089"}],"curies":[{"name":"wp","href":"https:\/\/api.w.org\/{rel}","templated":true}]}}